{"id":2,"date":"2022-11-09T09:08:52","date_gmt":"2022-11-09T09:08:52","guid":{"rendered":"https:\/\/www.qbkg.com\/?page_id=2"},"modified":"2024-09-13T09:38:40","modified_gmt":"2024-09-13T01:38:40","slug":"about-us","status":"publish","type":"page","link":"https:\/\/www.qbkg.com\/de\/about-us","title":{"rendered":"\u00dcBER UNS"},"content":{"rendered":"<p>Y UE bitte C Hengyang electric co., Ltd. befindet sich in Liushi, Provinz Zhejiang, der Hauptstadt der Elektroger\u00e4te in China. Es ist ein exportorientiertes Unternehmen, das Forschung und Entwicklung, Produktion und Handel integriert. Beleuchtungsprodukte, die sich auf Beleuchtungsger\u00e4te und Steuerger\u00e4te konzentrieren, umfassen Miniatur-Leistungsschalter, Leckschutzschalter, geformte Geh\u00e4use-Leistungsschalter und \u00dcberspannungsschutz; Die Steuerger\u00e4te sind AC-Sch\u00fctze, Motorsteuerungsschalter, thermische Relais usw.<\/p>\r\n<p>In den letzten Jahren hat Chengyang Electric je nach Markt- und Kundenbed\u00fcrfnissen neue Energie-DC-elektrische Produkte entwickelt und eingef\u00fchrt, die in der Solarstromerzeugung, im Kfz-Ladepfahl und in anderen DC-Umgebungen weit verbreitet sind.<\/p>\r\n<p>Das Unternehmen verf\u00fcgt \u00fcber ein professionelles F&amp;E- und Managementteam, um das technische Niveau, fortschrittliche Produktionskonzepte und Pr\u00fcfger\u00e4te zu verbessern, ein Qualit\u00e4tssystem entsprechend den Standards zu etablieren und es strikt umzusetzen, um sicherzustellen, dass die Produkt- und Prozessqualit\u00e4t den relevanten nationalen Standards entspricht.<\/p>\r\n<p>Das Unternehmen h\u00e4lt sich immer an die drei Prinzipien &#8222;Kunde zuerst, Service zuerst und Qualit\u00e4t zuerst&#8220;. Die Produkte werden von der Mehrheit der Benutzer bevorzugt und gelobt.<\/p>\r\n<p>&nbsp;<\/p>\r\n<p>&nbsp;<\/p>\r\n<p>&nbsp;<\/p>","protected":false},"excerpt":{"rendered":"<p>Y UE bitte C Hengyang electric co., Ltd. befindet sich in Liushi, Provinz Zhejiang, der Hauptstadt der Elektroger\u00e4te in China. Es ist ein exportorientiertes Unternehmen, das Forschung und Entwicklung, Produktion und Handel integriert. Beleuchtungsprodukte, die sich auf Beleuchtungsger\u00e4te und Steuerger\u00e4te konzentrieren, umfassen Miniatur-Leistungsschalter, Leckschutzschalter, geformte Geh\u00e4use-Leistungsschalter und \u00dcberspannungsschutz; Die Steuerger\u00e4te sind AC-Sch\u00fctze, Motorsteuerungsschalter, thermische Relais [&hellip;]<\/p>\n","protected":false},"author":1,"featured_media":0,"parent":0,"menu_order":0,"comment_status":"closed","ping_status":"open","template":"","meta":{"footnotes":""},"class_list":["post-2","page","type-page","status-publish","hentry"],"_links":{"self":[{"href":"https:\/\/www.qbkg.com\/de\/wp-json\/wp\/v2\/pages\/2"}],"collection":[{"href":"https:\/\/www.qbkg.com\/de\/wp-json\/wp\/v2\/pages"}],"about":[{"href":"https:\/\/www.qbkg.com\/de\/wp-json\/wp\/v2\/types\/page"}],"author":[{"embeddable":true,"href":"https:\/\/www.qbkg.com\/de\/wp-json\/wp\/v2\/users\/1"}],"replies":[{"embeddable":true,"href":"https:\/\/www.qbkg.com\/de\/wp-json\/wp\/v2\/comments?post=2"}],"version-history":[{"count":0,"href":"https:\/\/www.qbkg.com\/de\/wp-json\/wp\/v2\/pages\/2\/revisions"}],"wp:attachment":[{"href":"https:\/\/www.qbkg.com\/de\/wp-json\/wp\/v2\/media?parent=2"}],"curies":[{"name":"wp","href":"https:\/\/api.w.org\/{rel}","templated":true}]}}